{"id":97,"date":"2018-09-23T22:32:20","date_gmt":"2018-09-23T20:32:20","guid":{"rendered":"https:\/\/www.chateau-belvoir.com\/?page_id=97"},"modified":"2018-11-03T11:58:43","modified_gmt":"2018-11-03T10:58:43","slug":"la-restauration","status":"publish","type":"page","link":"https:\/\/www.chateau-belvoir.com\/index.php\/histoire\/la-restauration\/","title":{"rendered":"La restauration"},"content":{"rendered":"<span><span class=\"breadcrumb_last\">Accueil<\/span><\/span>\n<div class=\"container\">\n<section class=\"section blog\">\n<div class=\"container\">\n<div class=\"columns is-mobile\">\n<div class=\"column is-12\">\n<div class=\"content blog-post section\">\n<p><a href=\"https:\/\/www.chateau-belvoir.com\">La Franche-Comt\u00e9<\/a> |&nbsp;La restauration |&nbsp;<a href=\"https:\/\/www.chateau-belvoir.com\/index.php\/histoire\/pierre-jouffroy\/\">Pierre Jouffroy<\/a>&nbsp; |&nbsp;<a href=\"https:\/\/www.chateau-belvoir.com\/index.php\/histoire\/genealogie\/\">G\u00e9n\u00e9alogie<\/a><\/p>\n<h2>L&rsquo;aventure d&rsquo;une passion<\/h2>\n<p>La d\u00e9ch\u00e9ance du ch\u00e2teau semblait irr\u00e9m\u00e9diable en 1956, ann\u00e9e extr\u00eame de sa mis\u00e8re mais aussi de l\u2019espoir et de la r\u00e9surrection.<\/p>\n<style>div#n2-ss-2{width:1200px;float:left;margin:0px 0px 0px 0px;}html[dir=\"rtl\"] div#n2-ss-2{float:right;}div#n2-ss-2 .n2-ss-slider-1{position:relative;padding-top:0px;padding-right:0px;padding-bottom:0px;padding-left:0px;height:500px;border-style:solid;border-width:0px;border-color:#3e3e3e;border-color:RGBA(62,62,62,1);border-radius:0px;background-clip:padding-box;background-repeat:repeat;background-position:50% 50%;background-size:cover;background-attachment:scroll;}div#n2-ss-2 .n2-ss-slider-background-video-container{position:absolute;left:0;top:0;width:100%;height:100%;overflow:hidden;}div#n2-ss-2 .n2-ss-slider-2{position:relative;width:100%;height:100%;}.x-firefox div#n2-ss-2 .n2-ss-slider-2{opacity:0.99999;}div#n2-ss-2 .n2-ss-slider-3{position:relative;width:100%;height:100%;overflow:hidden;outline:1px solid rgba(0,0,0,0);z-index:10;}div#n2-ss-2 .n2-ss-slide-backgrounds,div#n2-ss-2 .n2-ss-slider-3 > .n-particles-js-canvas-el,div#n2-ss-2 .n2-ss-slider-3 > .n2-ss-divider{position:absolute;left:0;top:0;width:100%;height:100%;}div#n2-ss-2 .n2-ss-slide-backgrounds{z-index:10;}div#n2-ss-2 .n2-ss-slider-3 > .n-particles-js-canvas-el{z-index:12;}div#n2-ss-2 .n2-ss-slide-backgrounds > *{overflow:hidden;}div#n2-ss-2 .n2-ss-slide{position:absolute;top:0;left:0;width:100%;height:100%;z-index:20;display:block;-webkit-backface-visibility:hidden;}div#n2-ss-2 .n2-ss-layers-container{position:relative;width:1200px;height:500px;}div#n2-ss-2 .n2-ss-parallax-clip > .n2-ss-layers-container{position:absolute;right:0;}div#n2-ss-2 .n2-ss-slide{-webkit-perspective:1500px;perspective:1500px;}div#n2-ss-2[data-ie] .n2-ss-slide{-webkit-perspective:none;perspective:none;-webkit-transform:perspective(1500px);transform:perspective(1500px);}div#n2-ss-2 .n2-ss-slide-active{z-index:21;}div#n2-ss-2 .nextend-arrow{cursor:pointer;overflow:hidden;line-height:0 !important;z-index:20;}div#n2-ss-2 .nextend-arrow img{position:relative;min-height:0;min-width:0;vertical-align:top;width:auto;height:auto;max-width:100%;max-height:100%;display:inline;}div#n2-ss-2 .nextend-arrow img.n2-arrow-hover-img{display:none;}div#n2-ss-2 .nextend-arrow:HOVER img.n2-arrow-hover-img{display:inline;}div#n2-ss-2 .nextend-arrow:HOVER img.n2-arrow-normal-img{display:none;}div#n2-ss-2 .nextend-arrow-animated{overflow:hidden;}div#n2-ss-2 .nextend-arrow-animated > div{position:relative;}div#n2-ss-2 .nextend-arrow-animated .n2-active{position:absolute;}div#n2-ss-2 .nextend-arrow-animated-fade{transition:background 0.3s, opacity 0.4s;}div#n2-ss-2 .nextend-arrow-animated-horizontal > div{transition:all 0.4s;left:0;}div#n2-ss-2 .nextend-arrow-animated-horizontal .n2-active{top:0;}div#n2-ss-2 .nextend-arrow-previous.nextend-arrow-animated-horizontal:HOVER > div,div#n2-ss-2 .nextend-arrow-next.nextend-arrow-animated-horizontal .n2-active{left:-100%;}div#n2-ss-2 .nextend-arrow-previous.nextend-arrow-animated-horizontal .n2-active,div#n2-ss-2 .nextend-arrow-next.nextend-arrow-animated-horizontal:HOVER > div{left:100%;}div#n2-ss-2 .nextend-arrow.nextend-arrow-animated-horizontal:HOVER .n2-active{left:0;}div#n2-ss-2 .nextend-arrow-animated-vertical > div{transition:all 0.4s;top:0;}div#n2-ss-2 .nextend-arrow-animated-vertical .n2-active{left:0;}div#n2-ss-2 .nextend-arrow-animated-vertical .n2-active{top:-100%;}div#n2-ss-2 .nextend-arrow-animated-vertical:HOVER > div{top:100%;}div#n2-ss-2 .nextend-arrow-animated-vertical:HOVER .n2-active{top:0;}<\/style><div id=\"n2-ss-2-align\" class=\"n2-ss-align\"><div class=\"n2-padding\"><div id=\"n2-ss-2\" data-creator=\"Smart Slider 3\" class=\"n2-ss-slider n2-ow n2-has-hover n2notransition n2-ss-load-fade \" data-minFontSizedesktopPortrait=\"4\" data-minFontSizedesktopLandscape=\"4\" data-minFontSizetabletPortrait=\"4\" data-minFontSizetabletLandscape=\"4\" data-minFontSizemobilePortrait=\"4\" data-minFontSizemobileLandscape=\"4\" style=\"font-size: 16px;\" data-fontsize=\"16\">\r\n        <div class=\"n2-ss-slider-1 n2-ss-swipe-element n2-ow\" style=\"\">\r\n                        <div class=\"n2-ss-slider-2 n2-ow\">\r\n                                <div class=\"n2-ss-slider-3 n2-ow\" style=\"\">\r\n\r\n                    <div class=\"n2-ss-slide-backgrounds\"><\/div><div data-first=\"1\" data-slide-duration=\"0\" data-id=\"4\" style=\"\" class=\"n2-ss-slide n2-ss-canvas n2-ow  n2-ss-slide-4\"><div class=\"n2-ss-slide-background n2-ow\" data-mode=\"center\"><img decoding=\"async\" data-hash=\"fa164365da4770ac505b8c32796df468\" data-desktop=\"\/\/www.chateau-belvoir.com\/wp-content\/uploads\/2018\/09\/4281453547_41db777097_b.jpg\" data-blur=\"0\" data-opacity=\"100\" data-x=\"50\" data-y=\"50\" src=\"\/\/www.chateau-belvoir.com\/wp-content\/uploads\/2018\/09\/4281453547_41db777097_b.jpg\" alt=\"\" \/><\/div><div class=\"n2-ss-layers-container n2-ow\" data-csstextalign=\"center\" style=\"\"><\/div><\/div><div data-slide-duration=\"0\" data-id=\"5\" style=\"\" class=\"n2-ss-slide n2-ss-canvas n2-ow  n2-ss-slide-5\"><div class=\"n2-ss-slide-background n2-ow\" data-mode=\"center\"><img decoding=\"async\" data-hash=\"137682070db0c69e03f7312a7829a00a\" data-desktop=\"\/\/www.chateau-belvoir.com\/wp-content\/uploads\/2018\/09\/4281480133_198e61112e_b-1.jpg\" data-blur=\"0\" data-opacity=\"100\" data-x=\"50\" data-y=\"50\" src=\"\/\/www.chateau-belvoir.com\/wp-content\/uploads\/2018\/09\/4281480133_198e61112e_b-1.jpg\" alt=\"\" \/><\/div><div class=\"n2-ss-layers-container n2-ow\" data-csstextalign=\"center\" style=\"\"><\/div><\/div><div data-slide-duration=\"0\" data-id=\"6\" style=\"\" class=\"n2-ss-slide n2-ss-canvas n2-ow  n2-ss-slide-6\"><div class=\"n2-ss-slide-background n2-ow\" data-mode=\"center\"><img decoding=\"async\" data-hash=\"c1ae10c287fbf27ca27197ea1a4176d6\" data-desktop=\"\/\/www.chateau-belvoir.com\/wp-content\/uploads\/2018\/09\/www_belvoir_chapelle_ext.jpg\" data-blur=\"0\" data-opacity=\"100\" data-x=\"50\" data-y=\"50\" src=\"\/\/www.chateau-belvoir.com\/wp-content\/uploads\/2018\/09\/www_belvoir_chapelle_ext.jpg\" alt=\"\" \/><\/div><div class=\"n2-ss-layers-container n2-ow\" data-csstextalign=\"center\" style=\"\"><\/div><\/div><div data-slide-duration=\"0\" data-id=\"7\" style=\"\" class=\"n2-ss-slide n2-ss-canvas n2-ow  n2-ss-slide-7\"><div class=\"n2-ss-slide-background n2-ow\" data-mode=\"center\"><img decoding=\"async\" data-hash=\"3e48c3456c7391fce35bff019f0909dc\" data-desktop=\"\/\/www.chateau-belvoir.com\/wp-content\/uploads\/2018\/09\/4282191228_1802c10340_b.jpg\" data-blur=\"0\" data-opacity=\"100\" data-x=\"50\" data-y=\"50\" src=\"\/\/www.chateau-belvoir.com\/wp-content\/uploads\/2018\/09\/4282191228_1802c10340_b.jpg\" alt=\"\" \/><\/div><div class=\"n2-ss-layers-container n2-ow\" data-csstextalign=\"center\" style=\"\"><\/div><\/div><div data-slide-duration=\"0\" data-id=\"8\" style=\"\" class=\"n2-ss-slide n2-ss-canvas n2-ow  n2-ss-slide-8\"><div class=\"n2-ss-slide-background n2-ow\" data-mode=\"center\"><img decoding=\"async\" data-hash=\"53316ea77f8c9b048980a43f3de83e33\" data-desktop=\"\/\/www.chateau-belvoir.com\/wp-content\/uploads\/2018\/09\/www_belvoir_arsenal_ext.jpg\" data-blur=\"0\" data-opacity=\"100\" data-x=\"50\" data-y=\"50\" src=\"\/\/www.chateau-belvoir.com\/wp-content\/uploads\/2018\/09\/www_belvoir_arsenal_ext.jpg\" alt=\"\" \/><\/div><div class=\"n2-ss-layers-container n2-ow\" data-csstextalign=\"center\" style=\"\"><\/div><\/div>                <\/div>\r\n            <\/div>\r\n            <div data-ssleft=\"0+15\" data-sstop=\"height\/2-previousheight\/2\" id=\"n2-ss-2-arrow-previous\" class=\"n2-ss-widget n2-ss-widget-display-desktop n2-ss-widget-display-tablet n2-ss-widget-display-mobile nextend-arrow n2-ow nextend-arrow-previous  nextend-arrow-animated-fade n2-ib\" style=\"position: absolute;\" role=\"button\" aria-label=\"Previous slide\" tabindex=\"0\"><img decoding=\"async\" class=\"n2-ow\" data-no-lazy=\"1\" data-hack=\"data-lazy-src\" src=\"data:image\/svg+xml;base64,PHN2ZyB3aWR0aD0iMzIiIGhlaWdodD0iMzIiIHZpZXdCb3g9IjAgMCAzMiAzMiIgeG1sbnM9Imh0dHA6Ly93d3cudzMub3JnLzIwMDAvc3ZnIj48cGF0aCBkPSJNMTEuNDMzIDE1Ljk5MkwyMi42OSA1LjcxMmMuMzkzLS4zOS4zOTMtMS4wMyAwLTEuNDItLjM5My0uMzktMS4wMy0uMzktMS40MjMgMGwtMTEuOTggMTAuOTRjLS4yMS4yMS0uMy40OS0uMjg1Ljc2LS4wMTUuMjguMDc1LjU2LjI4NC43N2wxMS45OCAxMC45NGMuMzkzLjM5IDEuMDMuMzkgMS40MjQgMCAuMzkzLS40LjM5My0xLjAzIDAtMS40MmwtMTEuMjU3LTEwLjI5IiBmaWxsPSIjZmZmZmZmIiBvcGFjaXR5PSIwLjgiIGZpbGwtcnVsZT0iZXZlbm9kZCIvPjwvc3ZnPg==\" alt=\"previous arrow\" \/><\/div>\n<div data-ssright=\"0+15\" data-sstop=\"height\/2-nextheight\/2\" id=\"n2-ss-2-arrow-next\" class=\"n2-ss-widget n2-ss-widget-display-desktop n2-ss-widget-display-tablet n2-ss-widget-display-mobile nextend-arrow n2-ow nextend-arrow-next  nextend-arrow-animated-fade n2-ib\" style=\"position: absolute;\" role=\"button\" aria-label=\"Next slide\" tabindex=\"0\"><img decoding=\"async\" class=\"n2-ow\" data-no-lazy=\"1\" data-hack=\"data-lazy-src\" src=\"data:image\/svg+xml;base64,PHN2ZyB3aWR0aD0iMzIiIGhlaWdodD0iMzIiIHZpZXdCb3g9IjAgMCAzMiAzMiIgeG1sbnM9Imh0dHA6Ly93d3cudzMub3JnLzIwMDAvc3ZnIj48cGF0aCBkPSJNMTAuNzIyIDQuMjkzYy0uMzk0LS4zOS0xLjAzMi0uMzktMS40MjcgMC0uMzkzLjM5LS4zOTMgMS4wMyAwIDEuNDJsMTEuMjgzIDEwLjI4LTExLjI4MyAxMC4yOWMtLjM5My4zOS0uMzkzIDEuMDIgMCAxLjQyLjM5NS4zOSAxLjAzMy4zOSAxLjQyNyAwbDEyLjAwNy0xMC45NGMuMjEtLjIxLjMtLjQ5LjI4NC0uNzcuMDE0LS4yNy0uMDc2LS41NS0uMjg2LS43NkwxMC43MiA0LjI5M3oiIGZpbGw9IiNmZmZmZmYiIG9wYWNpdHk9IjAuOCIgZmlsbC1ydWxlPSJldmVub2RkIi8+PC9zdmc+\" alt=\"next arrow\" \/><\/div>\n        <\/div>\r\n        <\/div><div class=\"n2-clear\"><\/div><div id=\"n2-ss-2-spinner\" style=\"display: none;\"><div><div class=\"n2-ss-spinner-simple-white-container\"><div class=\"n2-ss-spinner-simple-white\"><\/div><\/div><\/div><\/div><\/div><\/div><div id=\"n2-ss-2-placeholder\" style=\"position: relative;z-index:2;background-color:RGBA(0,0,0,0);max-height:3000px; background-color:RGBA(255,255,255,0);\"><img decoding=\"async\" style=\"width: 100%; max-width:3000px; display: block;opacity:0;\" class=\"n2-ow\" src=\"data:image\/svg+xml;base64,PHN2ZyB4bWxucz0iaHR0cDovL3d3dy53My5vcmcvMjAwMC9zdmciIHZlcnNpb249IjEuMCIgd2lkdGg9IjEyMDAiIGhlaWdodD0iNTAwIiA+PC9zdmc+\" alt=\"Slider\" \/><\/div>\n<h2><span style=\"color: #666666; font-size: 1.25rem;\">La d\u00e9couverte<\/span><\/h2>\n<p>Que restait-il cette ann\u00e9e-l\u00e0 lorsque les services des Monuments Historiques accept\u00e8rent de prot\u00e9ger et d\u2019inscrire \u00e0 l\u2019Inventaire Suppl\u00e9mentaire l\u2019ensemble des b\u00e2timents ? Le portail d\u2019entr\u00e9e \u00e9tait mutil\u00e9, le corps de Logis transform\u00e9 en ferme avait vu la salle d\u2019honneur devenir une \u00e9curie et un grenier \u00e0 foin. Une grande partie de la fa\u00e7ade Ouest \u00e9tait cach\u00e9e par des appentis, les portes d\u00e9fonc\u00e9es, les meneaux cass\u00e9s ou disparus. Le donjon, utilis\u00e9 comme carri\u00e8re de pierre, \u00e9tait remblay\u00e9 sur un \u00e9tage, des arbres poussaient \u00e0 l\u2019int\u00e9rieur. L\u2019arsenal perdait sa toiture, quant \u00e0 la tour de proue, elle \u00e9tait vide, sans toit ni solives, totalement ruin\u00e9e. Les abords n\u2019avaient pas meilleure figure, envahis par une v\u00e9g\u00e9tation dense et sauvage d\u00e9figurant le site.<\/p>\n<p><span style=\"color: #666666; font-size: 1.25rem;\">La mise en \u0153uvre<\/span><\/p>\n<p>Le travail de restauration consistait d\u2018abord \u00e0 la mise hors d\u2019eau puis \u00e0 r\u00e9parer de mani\u00e8re aussi peu visible que possible tout ce qui \u00e9tait d\u2019origine. Avec des artisans qualifi\u00e9s de la r\u00e9gion, il est men\u00e9 \u00e0 bien, avec patience, ann\u00e9e apr\u00e8s ann\u00e9e. La tour de Madge-F\u00e2 fut termin\u00e9e en 1959, l\u2019arsenal en 1961, et le portail en 1963. Les pi\u00e8ces restaur\u00e9es et meubl\u00e9es sont ouvertes au public au fur et \u00e0 mesure de leur ach\u00e8vement.<\/p>\n<p>Parall\u00e8lement, il fallu d\u00e9gager les ext\u00e9rieurs et, sur une pente tr\u00e8s raide, construire avec les pierres d\u2019\u00e9boulis provenant de la d\u00e9molition des courtines en 1674, une succession de murgers afin de retenir la terre en contr\u00f4lant la v\u00e9g\u00e9tation.<\/p>\n<p>Le financement de cette vaste aventure a d\u2019abord \u00e9t\u00e9 assur\u00e9 par la famille Jouffroy, qui n\u2019a m\u00e9nag\u00e9 ni son temps ni sa peine, par une loterie, puis par le produit des entr\u00e9es. Le public, nombreux d\u00e8s 1956, a montr\u00e9 un int\u00e9r\u00eat particuli\u00e8rement enthousiaste.<\/p>\n<h2>De nombreux soutiens<\/h2>\n<p>La participation des Monuments Historiques a \u00e9t\u00e9 de 610 euros en 1958, 762 euros pour la restauration du Corps de Logis apr\u00e8s l\u2019incendie de 1968, 4 268 euros pour la couverture du Donjon, et 4 691 euros en 2002 toujours pour cette m\u00eame tour et le portail. Les prix du concours \u201cChefs-d\u2019oeuvres en p\u00e9rils\u201d ont \u00e9t\u00e9 de 1 524 euros la premi\u00e8re fois et 3 811 euros la seconde.<\/p>\n<p>Les journaux r\u00e9gionnaux ont aid\u00e9 dans une tr\u00e8s large mesure \u00e0 la r\u00e9ussite de l\u2019entreprise. Leur action a \u00e9t\u00e9 d\u00e9terminante pour faire aimer et conna\u00eetre le monument. Ces efforts seront couronn\u00e9s \u00e0 deux reprises par la campagne nationale de l\u2019O.R.T.F et de la Caisse Nationale des Monuments Historiques, \u201cChefs-d\u2019\u0153uvre en p\u00e9rils\u201d, c\u00e9l\u00e8bre \u00e9mission de Pierre de Lagarde, en 1956 et 1982.<\/p>\n<p>Mais le 22 avril 1968, un terrible incendie, propag\u00e9 par cent cinquante tonnes de fourrage, d\u00e9truisit la presque totalit\u00e9 de l\u2019aile est du ch\u00e2teau, au niveau de la cour. Du portail \u00e0 l\u2019actuelle biblioth\u00e8que il ne subsistera gu\u00e8re que les murs. La solidarit\u00e9 des habitants de Belvoir fut exemplaire et permis de sauver l\u2019entier mobilier de la cuisine, de la salle des gardes, du po\u00eale et de la salle de justice.<\/p>\n<h2>Un toit a reconstruire et un b\u00e2timent \u00e0 am\u00e9nager<\/h2>\n<p>Apr\u00e8s le d\u00e9part du cultivateur propri\u00e9taire des trois quart de ce b\u00e2timent il fallut se rendre acqu\u00e9reur de la ruine encore fumante et penser \u00e0 sa remise en \u00e9tat. Le financement fut assur\u00e9 par la vente d\u2019une petite maison de campagne aux pieds des Baux-de-Provence.<\/p>\n<p>D\u00e9blayer, d\u00e9gager les belles ouvertures mur\u00e9es, consolider l\u2019existant seront les premiers actes du renouveau. La charpente sera \u00e9lev\u00e9e en 1969 pendant que s\u2019effectuait par des amis b\u00e9n\u00e9voles la recherche, l\u2019achat, le tri&nbsp;et le transport des cent mille petites tuiles \u201cfer de lance\u201d anciennes n\u00e9cessaires \u00e0 la couverture. A l\u2019aide de quatorze kilom\u00e8tres de lattes, l\u2019ensemble du toit \u00e9tait achev\u00e9 l\u2019ann\u00e9e suivante.<\/p>\n<p>La restauration des pi\u00e8ces d\u2019habitation se poursuivit par la mise en place de plafonds \u201c\u00e0 la fran\u00e7aise\u201d, de sols en carreaux de terre cuite anciens de Bourgogne et, en juillet 1973, la salle d\u2019honneur et la biblioth\u00e8que accueillaient leurs premiers visiteurs.<\/p>\n<h2>Restauration de la chapelle<\/h2>\n<p>Le d\u00e9gagement de la chapelle, commenc\u00e9 en 1979, permis de retrouver toutes les tailles des trois baies mur\u00e9es au XIX<sup>e<\/sup> si\u00e8cle. Il ne subsistait de la porte que le montant gauche. Une fouille entreprise dans le sous-sol livra les fondations d\u2019un mur wisigothique, les restes d\u2019un four de po\u00ealier de la fin du XV<sup>e<\/sup> si\u00e8cle avec quelques carreaux de po\u00eales en terre verniss\u00e9e verte. La restauration fut achev\u00e9e en 1982.<\/p>\n<p><span style=\"color: #666666; font-size: 1.25rem;\">La couverture du donjon<\/span><\/p>\n<p>En 1983, le d\u00e9tail de la couverture du Donjon est arr\u00eat\u00e9 avec les services des Monuments Historiques. Apr\u00e8s les indispensables travaux de ma\u00e7onnerie, cette charpente, dessin\u00e9e et taill\u00e9e par Jean-Fran\u00e7ois Girardot, Compagnon du Devoir sous le nom de \u201cFranc-Comtois la fermet\u00e9\u201d, fut \u00e9lev\u00e9e en quatre jours, puis, en septembre, fut pos\u00e9e la couverture en tavaillons d\u2019\u00e9pic\u00e9a du Haut-Doubs et l\u2019\u00e9pis de fa\u00eetage, \u00e9galement \u0153uvre d\u2019un Compagnon-couvreur. L\u2019am\u00e9nagement int\u00e9rieur termin\u00e9, cette tour sera ouverte \u00e0 la visite au printemps 1984.<\/p>\n<p><span style=\"color: #666666; font-size: 1.25rem;\">La fin de la restauration int\u00e9rieure<\/span><\/p>\n<p>La couverture de la tour de proue, en tuiles \u201cgironn\u00e9es\u201d, donnant des signes de faiblesse face aux vents parfois violents d\u00fb \u00e0 son exposition particuli\u00e8re, fut remplac\u00e9e par des tavaillons en 1986.<\/p>\n<p>Enfin, la restauration compl\u00e8te des pi\u00e8ces int\u00e9rieures s&rsquo;acheva en 1990 par la remise en \u00e9tat du salon de \u201cMadame de Marsan\u201d, qui devenait alors la vingti\u00e8me salle ouverte au public.<\/p>\n<p><em>L\u2019\u00e9clairage nocturne est l\u2019\u0153uvre du Sivom du Val de Sancey qui, depuis le printemps 2000, donne une nouvelle dimension \u00e0 l\u2018\u00e9difice.<\/em><\/p>\n<p><span style=\"font-size: 1.125rem;\">Remerciements<\/span><\/p>\n<p>L&rsquo;am\u00e9nagement int\u00e9rieur et le mobilier n&rsquo;auraient pu \u00eatre aussi complets sans l&rsquo;aide et le concours des g\u00e9n\u00e9reux donateurs que furent :<\/p>\n<p>\u2022 Fran\u00e7ois et Raymonde PEUGEOT, Paris.<br \/>\n\u2022 Ren\u00e9 et Paulette CLERC, Montb\u00e9liard<br \/>\n\u2022 Georges-Antoine et Alice BERNARD, Arcueil.<\/p>\n<\/div>\n<\/div>\n<\/div>\n<\/div>\n<\/section>\n<\/div>\n","protected":false},"excerpt":{"rendered":"<p>La Franche-Comt\u00e9 |&nbsp;La restauration |&nbsp;Pierre Jouffroy&nbsp; |&nbsp;G\u00e9n\u00e9alogie L&rsquo;aventure d&rsquo;une passion La d\u00e9ch\u00e9ance du ch\u00e2teau semblait irr\u00e9m\u00e9diable en 1956, ann\u00e9e extr\u00eame de sa mis\u00e8re mais aussi de l\u2019espoir et de la r\u00e9surrection. La d\u00e9couverte Que restait-il cette ann\u00e9e-l\u00e0 lorsque les services des Monuments Historiques accept\u00e8rent de prot\u00e9ger et d\u2019inscrire \u00e0 l\u2019Inventaire Suppl\u00e9mentaire l\u2019ensemble des b\u00e2timents ? &hellip; <\/p>\n<p class=\"link-more\"><a href=\"https:\/\/www.chateau-belvoir.com\/index.php\/histoire\/la-restauration\/\" class=\"more-link\">Continuer la lecture<span class=\"screen-reader-text\"> de &laquo;&nbsp;La restauration&nbsp;&raquo;<\/span><\/a><\/p>\n","protected":false},"author":1,"featured_media":0,"parent":77,"menu_order":0,"comment_status":"closed","ping_status":"closed","template":"","meta":{"footnotes":""},"class_list":["post-97","page","type-page","status-publish","hentry"],"_links":{"self":[{"href":"https:\/\/www.chateau-belvoir.com\/index.php\/wp-json\/wp\/v2\/pages\/97","targetHints":{"allow":["GET"]}}],"collection":[{"href":"https:\/\/www.chateau-belvoir.com\/index.php\/wp-json\/wp\/v2\/pages"}],"about":[{"href":"https:\/\/www.chateau-belvoir.com\/index.php\/wp-json\/wp\/v2\/types\/page"}],"author":[{"embeddable":true,"href":"https:\/\/www.chateau-belvoir.com\/index.php\/wp-json\/wp\/v2\/users\/1"}],"replies":[{"embeddable":true,"href":"https:\/\/www.chateau-belvoir.com\/index.php\/wp-json\/wp\/v2\/comments?post=97"}],"version-history":[{"count":11,"href":"https:\/\/www.chateau-belvoir.com\/index.php\/wp-json\/wp\/v2\/pages\/97\/revisions"}],"predecessor-version":[{"id":183,"href":"https:\/\/www.chateau-belvoir.com\/index.php\/wp-json\/wp\/v2\/pages\/97\/revisions\/183"}],"up":[{"embeddable":true,"href":"https:\/\/www.chateau-belvoir.com\/index.php\/wp-json\/wp\/v2\/pages\/77"}],"wp:attachment":[{"href":"https:\/\/www.chateau-belvoir.com\/index.php\/wp-json\/wp\/v2\/media?parent=97"}],"curies":[{"name":"wp","href":"https:\/\/api.w.org\/{rel}","templated":true}]}}