{"id":77,"date":"2018-09-23T21:52:07","date_gmt":"2018-09-23T19:52:07","guid":{"rendered":"https:\/\/www.chateau-belvoir.com\/?page_id=77"},"modified":"2018-11-03T12:01:19","modified_gmt":"2018-11-03T11:01:19","slug":"histoire","status":"publish","type":"page","link":"https:\/\/www.chateau-belvoir.com\/","title":{"rendered":"Histoire"},"content":{"rendered":"<p><span><span class=\"breadcrumb_last\">Accueil<\/span><\/span><br \/>\n<a href=\"https:\/\/www.chateau-belvoir.com\">La Franche-Comt\u00e9<\/a> |&nbsp;<a href=\"https:\/\/www.chateau-belvoir.com\/index.php\/histoire\/la-restauration\/\">La restauration<\/a> |&nbsp;<a href=\"https:\/\/www.chateau-belvoir.com\/index.php\/histoire\/pierre-jouffroy\/\">Pierre Jouffroy<\/a>&nbsp; |&nbsp;<a href=\"https:\/\/www.chateau-belvoir.com\/index.php\/histoire\/genealogie\/\">G\u00e9n\u00e9alogie<\/a><\/p>\n<div><\/div>\n<p>Belvoir appartient \u00e0 la moyenne montagne. Cette situation en fait une terre vari\u00e9e et pittoresque, source d\u2019inspiration des peintres du XX<sup>e<\/sup> si\u00e8cle tels que Jules-Emille Zingg, Andr\u00e9 Charigny ou Pierre Jouffroy. Le panorama que l&rsquo;on d\u00e9couvre des terrasse du ch\u00e2teau est typique des Monts du Jura.<\/p>\n<p>Les tr\u00e8s belles vall\u00e9es du Dessoubre, de la R\u00e9verotte, du Cusancin et de la Barb\u00eache (cette derni\u00e8re prenant sa source dans le Mont de Belvoir), constituent l\u2019autre aspect hautement touristique de cette r\u00e9gion verdoyante, dot\u00e9e d\u2019un tr\u00e8s dense r\u00e9seau routier.<\/p>\n<p>Centre de la seigneurie et r\u00e9sidence des barons, la forteresse occupe l\u2019emplacement d\u2019un oppidum gaulois. Les romains fortifi\u00e8rent ce lieu strat\u00e9gique pour surveiller la voie des Salines. Divers objets gallo-romains, issus de fouilles, d\u00e9couverts au fil des ann\u00e9es sur le site et la mise au jour d&rsquo;une muraille du VII<sup>e<\/sup> si\u00e8cle dans la chapelle t\u00e9moignent de sa constante occupation.<\/p>\n<p>La construction d&rsquo;un premier ch\u00e2teau remonte \u00e0 la fin du XII<sup>e<\/sup> et au d\u00e9but du XIII<sup>e<\/sup> si\u00e8cle, comme l&rsquo;indique encore le mill\u00e9sime de 1224 &nbsp;provenant d&rsquo;une clef de voute de la tour du Nord. &nbsp;Les arm\u00e9es de Louis XI investiront par deux fois les deux bourgs de Belvoir et prirent le ch\u00e2teau en mai 1480 avec ordre d&rsquo;y mettre le feu et d&rsquo;abattre les murailles. Sur sa ruine Thiebaut de Cusance reb\u00e2tira \u00e0 la fin du XV<sup>e<\/sup> si\u00e8cle un nouveau ch\u00e2teau dont les tours seront couvertes de toit \u00ab\u00a0\u00e0 l&rsquo;imp\u00e9riale\u00a0\u00bb avec lanternes sur colonnes. &nbsp;l&rsquo;aile orientale et la porterie furent modernis\u00e9es au d\u00e9but du XVII<sup>e<\/sup> si\u00e8cle par le baron Claude-Fran\u00e7ois de Cusance pour y accueillir sa jeune \u00e9pouse flamande Ernestine de Withem. Repris par les arm\u00e9es du mar\u00e9chal de Luxembourg lors de la seconde conqu\u00eate de la Franche-Comt\u00e9 en 1674, il ne doit sa survie qu&rsquo;\u00e0 l&rsquo;intervention du Prince de Lillebonne, cousin germain du roi soleil car tous deux petit-fils d&rsquo;Henri IV, de son \u00e9pouse Anne de Lorraine ainsi que de son fr\u00e8re Charles-Henri de Lorraine, Prince de Vaud\u00e9mont, d\u00e9fenseur de Besan\u00e7on devant Louis XIV.<\/p>\n<p>Transform\u00e9 en maison de culture au XIX<sup>e<\/sup> si\u00e8cle puis abandonn\u00e9, le ch\u00e2teau sera rachet\u00e9 par le peintre Pierre Jouffroy qui se consacra \u00e0 son sauvetage de 1955 \u00e0 2000. Ses enfants et petit-enfants ont repris le flambeau.<\/p>\n","protected":false},"excerpt":{"rendered":"<p>La Franche-Comt\u00e9 |&nbsp;La restauration |&nbsp;Pierre Jouffroy&nbsp; |&nbsp;G\u00e9n\u00e9alogie Belvoir appartient \u00e0 la moyenne montagne. Cette situation en fait une terre vari\u00e9e et pittoresque, source d\u2019inspiration des peintres du XXe si\u00e8cle tels que Jules-Emille Zingg, Andr\u00e9 Charigny ou Pierre Jouffroy. Le panorama que l&rsquo;on d\u00e9couvre des terrasse du ch\u00e2teau est typique des Monts du Jura. Les tr\u00e8s &hellip; <\/p>\n<p class=\"link-more\"><a href=\"https:\/\/www.chateau-belvoir.com\/\" class=\"more-link\">Continuer la lecture<span class=\"screen-reader-text\"> de &laquo;&nbsp;Histoire&nbsp;&raquo;<\/span><\/a><\/p>\n","protected":false},"author":1,"featured_media":5,"parent":0,"menu_order":0,"comment_status":"closed","ping_status":"closed","template":"","meta":{"footnotes":""},"class_list":["post-77","page","type-page","status-publish","has-post-thumbnail","hentry"],"_links":{"self":[{"href":"https:\/\/www.chateau-belvoir.com\/index.php\/wp-json\/wp\/v2\/pages\/77","targetHints":{"allow":["GET"]}}],"collection":[{"href":"https:\/\/www.chateau-belvoir.com\/index.php\/wp-json\/wp\/v2\/pages"}],"about":[{"href":"https:\/\/www.chateau-belvoir.com\/index.php\/wp-json\/wp\/v2\/types\/page"}],"author":[{"embeddable":true,"href":"https:\/\/www.chateau-belvoir.com\/index.php\/wp-json\/wp\/v2\/users\/1"}],"replies":[{"embeddable":true,"href":"https:\/\/www.chateau-belvoir.com\/index.php\/wp-json\/wp\/v2\/comments?post=77"}],"version-history":[{"count":13,"href":"https:\/\/www.chateau-belvoir.com\/index.php\/wp-json\/wp\/v2\/pages\/77\/revisions"}],"predecessor-version":[{"id":184,"href":"https:\/\/www.chateau-belvoir.com\/index.php\/wp-json\/wp\/v2\/pages\/77\/revisions\/184"}],"wp:featuredmedia":[{"embeddable":true,"href":"https:\/\/www.chateau-belvoir.com\/index.php\/wp-json\/wp\/v2\/media\/5"}],"wp:attachment":[{"href":"https:\/\/www.chateau-belvoir.com\/index.php\/wp-json\/wp\/v2\/media?parent=77"}],"curies":[{"name":"wp","href":"https:\/\/api.w.org\/{rel}","templated":true}]}}