{"id":74,"date":"2018-09-23T21:52:07","date_gmt":"2018-09-23T19:52:07","guid":{"rendered":"https:\/\/www.chateau-belvoir.com\/?page_id=74"},"modified":"2026-04-29T09:23:28","modified_gmt":"2026-04-29T07:23:28","slug":"visite","status":"publish","type":"page","link":"https:\/\/www.chateau-belvoir.com\/index.php\/visite\/","title":{"rendered":"Visite"},"content":{"rendered":"\n<p>Le ch\u00e2teau est ouvert \u00e0 la visite d&rsquo;avril \u00e0 la Toussaint tous les dimanches et jours f\u00e9ri\u00e9s et tous les jours du 7 juillet au 31 ao\u00fbt.<\/p>\n\n\n\n<p>Pour les groupes, et sur demande, le ch\u00e2teau est ouvert d&rsquo;avril \u00e0 la Toussaint.<\/p>\n\n\n\n<p>Horaires: de 10h \u00e0 11h, dernier d\u00e9part de visite du matin et de 14 h \u00e0 17h, dernier d\u00e9part de visite de l&rsquo;apr\u00e8s-midi \u00e0 16h. Dur\u00e9e de la visite: 1 heure. Le ch\u00e2teau ferme ses portes \u00e0 12h et 17h.<\/p>\n\n\n\n<p>En raison de la configuration des b\u00e2timents toutes les visites sont guid\u00e9es.<br><\/p>\n\n\n\n<p>Tarifs 2026: 8\u20ac \u00e0 partir de 16 ans&nbsp; &#8211;&nbsp; Groupes \u00e0 partir de 25 personnes: 7\u20ac par personne.<\/p>\n\n\n\n<p>Nous joindre: 03.81.86.30.34 (heures des repas) ou 06.70.28.16.52 et 06.74.97.21.72<\/p>\n\n\n<p><iframe loading=\"lazy\" title=\"Chateau de Belvoir - 2020 - D\u00e9partement du Doubs\" width=\"525\" height=\"295\" src=\"https:\/\/www.youtube.com\/embed\/ORbzpDuvupw?feature=oembed\" frameborder=\"0\" allow=\"accelerometer; autoplay; clipboard-write; encrypted-media; gyroscope; picture-in-picture; web-share\" referrerpolicy=\"strict-origin-when-cross-origin\" allowfullscreen><\/iframe><\/p>\n<\/p>\n<div class=\"container\">\n<section class=\"section blog\">\n<div class=\"container\">\n<div class=\"columns is-mobile\">\n<div class=\"column is-12\">\n<div class=\"content blog-post section\">\n<p>Apr\u00e8s avoir franchi la porte pi\u00e9tonne du <strong>portail<\/strong>, vous p\u00e9n\u00e9trez dans la grande cour du ch\u00e2teau. Longeant le b\u00e2timent situ\u00e9 \u00e0 votre gauche, vous continuez jusqu&rsquo;\u00e0 l&rsquo;extr\u00e9mit\u00e9 de celui-ci et, entre le donjon et la chapelle, vous descendez les escaliers pour acc\u00e9der \u00e0 l&rsquo;\u00e9tage \u00ab -1 \u00bb : la <strong>salle des gardes<\/strong> vous ouvre sa porte, c&rsquo;est aujourd&rsquo;hui la pi\u00e8ce d&rsquo;accueil des visiteurs.<\/p>\n<\/p>\n<p><a href=\"https:\/\/www.chateau-belvoir.com\/wp-content\/uploads\/2018\/09\/DSC_6587.jpg\"><img loading=\"lazy\" decoding=\"async\" class=\"aligncenter size-large wp-image-6\" src=\"https:\/\/www.chateau-belvoir.com\/wp-content\/uploads\/2018\/09\/DSC_6587-1024x681.jpg\" alt=\"\" width=\"525\" height=\"349\" srcset=\"https:\/\/www.chateau-belvoir.com\/wp-content\/uploads\/2018\/09\/DSC_6587-1024x681.jpg 1024w, https:\/\/www.chateau-belvoir.com\/wp-content\/uploads\/2018\/09\/DSC_6587-300x200.jpg 300w, https:\/\/www.chateau-belvoir.com\/wp-content\/uploads\/2018\/09\/DSC_6587-768x511.jpg 768w\" sizes=\"auto, (max-width: 525px) 100vw, 525px\" \/><\/a><\/p>\n<\/p>\n<p>La visite commence par la salle contig\u00fce\u00a0: <strong>la cuisine<\/strong>, ancienne paneterie dans laquelle on peut encore voir l&#8217;emplacement du four banal. Vous repasserez dans la <strong>salle des garde<\/strong> pour acc\u00e9der dans le <strong>po\u00eale<\/strong>, nom typiquement comtois pour d\u00e9signer une pi\u00e8ce chauff\u00e9 par un conduit adoss\u00e9 \u00e0 la chemin\u00e9e de la pi\u00e8ce pr\u00e9c\u00e9dente. Du po\u00eale, p\u00e9n\u00e9trez un instant dans l&rsquo;ancien <strong>cachot<\/strong> avant de vous diriger vers la <strong>grande salle vo\u00fbt\u00e9e<\/strong>.<\/p>\n<p><a href=\"https:\/\/www.chateau-belvoir.com\/wp-content\/uploads\/2018\/09\/DSC_6564.jpg\"><img loading=\"lazy\" decoding=\"async\" class=\"aligncenter size-large wp-image-5\" src=\"https:\/\/www.chateau-belvoir.com\/wp-content\/uploads\/2018\/09\/DSC_6564-1024x681.jpg\" alt=\"\" width=\"525\" height=\"349\" srcset=\"https:\/\/www.chateau-belvoir.com\/wp-content\/uploads\/2018\/09\/DSC_6564-1024x681.jpg 1024w, https:\/\/www.chateau-belvoir.com\/wp-content\/uploads\/2018\/09\/DSC_6564-300x200.jpg 300w, https:\/\/www.chateau-belvoir.com\/wp-content\/uploads\/2018\/09\/DSC_6564-768x511.jpg 768w\" sizes=\"auto, (max-width: 525px) 100vw, 525px\" \/><\/a><\/p>\n<p>Largement \u00e9clair\u00e9e aujourd&rsquo;hui par des fen\u00eatres ouvertes au d\u00e9but du XIX<sup>\u00e8<\/sup> si\u00e8cle pour remplacer les meurtri\u00e8res du moyen-\u00e2ge, cette grande salle\u00a0 \u00e9tait utilis\u00e9e pour les grands moments de la vie seigneuriale: justice, mariages, r\u00e9ception de vassaux. Les salles vo\u00fbt\u00e9es suivantes (que l&rsquo;on ne visite pas) n\u2018\u00e9taient autres que les caves \u00e0 vin\u00a0 du ch\u00e2teau, largement pourvues \u00e0 l&rsquo;\u00e9poque, de tonneaux contenant le produit des vignes de Mouthier-Hautepierre (vall\u00e9e de la Loue) que les seigneurs de Belvoir poss\u00e9daient depuis le XIII<sup>\u00e8<\/sup> si\u00e8cle. Par le fond de cette pi\u00e8ce, un large escalier vo\u00fbt\u00e9 vous ram\u00e8ne \u00e0 l&rsquo;\u00e9tage \u00ab cour \u00bb, dans la <strong>salle d&rsquo;honneur<\/strong> du ch\u00e2teau, consid\u00e9rable par ses 150 m<sup>2<\/sup> et ses 5,35 m\u00e8tres de hauteur sous plafond.<\/p>\n<p>C&rsquo;est l&rsquo;incendie de 1968 qui, en d\u00e9vastant la totalit\u00e9 de ce b\u00e2timent, va d\u00e9cider de l&rsquo;existence de l&rsquo;endroit. Auparavant divis\u00e9e en quatre chambres, mais totalement d\u00e9truites, il n&rsquo;\u00e9tait plus possible de remettre en \u00e9tat ce lieu dans des conditions acceptables. Par la porte centrale vous p\u00e9n\u00e9trez dans l&rsquo;appartement de la Marquise de Bergh-op-Zoom que son mari, Claude-Fran\u00e7ois de Cusance, fit remettre au go\u00fbt du jour au d\u00e9but du XVII<sup>\u00e8<\/sup> si\u00e8cle.<\/p>\n<p>Sa <strong>chambre \u00e0 coucher<\/strong> puis son \u00ab\u00a0<strong>cabinet<\/strong>\u00a0\u00bb donnaient acc\u00e8s \u00e0 la \u00ab\u00a0chambre dor\u00e9e\u00a0sur la porterie\u00a0\u00bb, pi\u00e8ce rest\u00e9e c\u00e9l\u00e8bre pour avoir abrit\u00e9 de nombreuses ann\u00e9es le c\u00e9l\u00e8bre et recherch\u00e9 tr\u00e9sor de la couronne de Lorraine.<\/p>\n<p><a href=\"https:\/\/www.chateau-belvoir.com\/wp-content\/uploads\/2018\/09\/DSC_6629.jpg\"><img loading=\"lazy\" decoding=\"async\" class=\"aligncenter size-large wp-image-8\" src=\"https:\/\/www.chateau-belvoir.com\/wp-content\/uploads\/2018\/09\/DSC_6629-1024x681.jpg\" alt=\"\" width=\"525\" height=\"349\" srcset=\"https:\/\/www.chateau-belvoir.com\/wp-content\/uploads\/2018\/09\/DSC_6629-1024x681.jpg 1024w, https:\/\/www.chateau-belvoir.com\/wp-content\/uploads\/2018\/09\/DSC_6629-300x200.jpg 300w, https:\/\/www.chateau-belvoir.com\/wp-content\/uploads\/2018\/09\/DSC_6629-768x511.jpg 768w\" sizes=\"auto, (max-width: 525px) 100vw, 525px\" \/><\/a><\/p>\n<p>En revenant sur vos pas, traversez la salle d&rsquo;honneur pour entrer dans \u00ab\u00a0<strong>l&rsquo;antichambre<\/strong>\u00a0\u00bb, laquelle par un petit escalier d\u00e9bouche sur l&rsquo;actuel \u00ab\u00a0<strong>salon de Madame de Marsan<\/strong>\u00a0\u00bb, ancienne grande salle du ch\u00e2teau depuis la reconstruction de celui-ci, \u00e0 la fin du XV<sup>\u00e8<\/sup> si\u00e8cle. En ressortant par l&rsquo;antichambre vous vous dirigerez vers la chapelle.<\/p>\n<p><a href=\"https:\/\/www.chateau-belvoir.com\/wp-content\/uploads\/2018\/09\/DSC_6648.jpg\"><img loading=\"lazy\" decoding=\"async\" class=\"aligncenter size-large wp-image-9\" src=\"https:\/\/www.chateau-belvoir.com\/wp-content\/uploads\/2018\/09\/DSC_6648-1024x681.jpg\" alt=\"\" width=\"525\" height=\"349\" srcset=\"https:\/\/www.chateau-belvoir.com\/wp-content\/uploads\/2018\/09\/DSC_6648-1024x681.jpg 1024w, https:\/\/www.chateau-belvoir.com\/wp-content\/uploads\/2018\/09\/DSC_6648-300x200.jpg 300w, https:\/\/www.chateau-belvoir.com\/wp-content\/uploads\/2018\/09\/DSC_6648-768x511.jpg 768w\" sizes=\"auto, (max-width: 525px) 100vw, 525px\" \/><\/a><\/p>\n<p>La <strong>chapelle<\/strong> seigneuriale n&rsquo;a jamais \u00e9t\u00e9 situ\u00e9e dans l&rsquo;enceinte m\u00eame du ch\u00e2teau,\u00a0 mais \u00e0 flanc de c\u00f4teau sur le chemin du bourg d&rsquo;en-bas . La chapelle gothique sera remplac\u00e9e par\u00a0 l&rsquo;\u00e9difice actuel en 1719 par la princesse Anne de Lorraine. Les seigneurs de Belvoir de la famille de Cusance garderont leur lieu de s\u00e9pulture dans l&rsquo;\u00e9glise de Cusance jusqu&rsquo;\u00e0 la fin du XV<sup>\u00e8<\/sup> si\u00e8cle, puis se feront inhum\u00e9s dans le caveau de la chapelle de Belvoir d\u00e8s le XVI\u00b0 si\u00e8cle. La chapelle du ch\u00e2teau (ou chapelle castrale) a \u00e9t\u00e9 \u00e9difi\u00e9e au XVI<sup>\u00e8<\/sup> si\u00e8cle pour des raisons de commodit\u00e9. Transform\u00e9e en \u00e9curie, elle ne conserve d&rsquo;origine que ses murs. Elle pr\u00e9sente un bel ensemble statuaire, ornements d&rsquo;\u00e9glise et conserve le coeur et la st\u00e8le fun\u00e9raire de la princesse B\u00e9atrix de Cusance, duchesse de Lorraine.<\/p>\n<p>De la chapelle vous acc\u00e9derez, par la cour basse, au b\u00e2timent ouest\u00a0: <strong>l&rsquo;arsenal<\/strong>, ancien \u00ab\u00a0grenier\u00a0\u00bb des inventaires destin\u00e9 \u00e0 conserver armes, vivres et grains. Il faudra en ressortir pour grimper l&rsquo;escalier d&rsquo;acc\u00e8s \u00e0 la <strong>tour dite de \u00ab\u00a0Madge-F\u00e2\u00a0\u00bb<\/strong>, du nom d&rsquo;un curieux petit personnage accroupi soutenant l&rsquo;\u00e9chauguette du 3<sup>\u00e8<\/sup> niveau, nom que la d\u00e9cence et sa position ne nous permet pas de traduire du patois local.<\/p>\n<p><a href=\"https:\/\/www.chateau-belvoir.com\/wp-content\/uploads\/2018\/11\/madgefa-1.jpg\"><img loading=\"lazy\" decoding=\"async\" class=\"aligncenter size-large wp-image-194\" src=\"https:\/\/www.chateau-belvoir.com\/wp-content\/uploads\/2018\/11\/madgefa-1-1024x676.jpg\" alt=\"\" width=\"525\" height=\"347\" srcset=\"https:\/\/www.chateau-belvoir.com\/wp-content\/uploads\/2018\/11\/madgefa-1-1024x676.jpg 1024w, https:\/\/www.chateau-belvoir.com\/wp-content\/uploads\/2018\/11\/madgefa-1-300x198.jpg 300w, https:\/\/www.chateau-belvoir.com\/wp-content\/uploads\/2018\/11\/madgefa-1-768x507.jpg 768w, https:\/\/www.chateau-belvoir.com\/wp-content\/uploads\/2018\/11\/madgefa-1.jpg 2000w\" sizes=\"auto, (max-width: 525px) 100vw, 525px\" \/><\/a><\/p>\n<p>Par contre, vous y admirerez un paysage somptueux, balayant du regard le Mont Terri en Suisse, les hauts de Ma\u00eeche, du Russey, de Pierrefontaine-les-Varans, de Passavant, jusqu&rsquo;\u00e0 Montfaucon, devant Besan\u00e7on, tout en dominant le val de Sancey de pr\u00e8s de 150 m\u00e8tres.<\/p>\n<p>Enfin apr\u00e8s avoir p\u00e9n\u00e9tr\u00e9 dans la salle basse du <strong>donjon<\/strong>, les plus agiles emprunterons l&rsquo;escalier r\u00e9alis\u00e9 dans l&rsquo;\u00e9paisseur du mur du donjon pour y admirer son impressionnante charpente, ce qui terminera la visite des quelques 20 pi\u00e8ces meubl\u00e9es ouvertes au public.<\/p>\n<p><a href=\"https:\/\/www.chateau-belvoir.com\/wp-content\/uploads\/2018\/09\/LV-BELVOIR-CHATEAU060.jpg\"><img loading=\"lazy\" decoding=\"async\" class=\"size-large wp-image-56 aligncenter\" src=\"https:\/\/www.chateau-belvoir.com\/wp-content\/uploads\/2018\/09\/LV-BELVOIR-CHATEAU060-1024x683.jpg\" alt=\"\" width=\"525\" height=\"350\" srcset=\"https:\/\/www.chateau-belvoir.com\/wp-content\/uploads\/2018\/09\/LV-BELVOIR-CHATEAU060-1024x683.jpg 1024w, https:\/\/www.chateau-belvoir.com\/wp-content\/uploads\/2018\/09\/LV-BELVOIR-CHATEAU060-300x200.jpg 300w, https:\/\/www.chateau-belvoir.com\/wp-content\/uploads\/2018\/09\/LV-BELVOIR-CHATEAU060-768x512.jpg 768w\" sizes=\"auto, (max-width: 525px) 100vw, 525px\" \/><\/a><\/p>\n<\/div>\n<\/div>\n<\/div>\n<\/div>\n<\/section>\n<\/div>","protected":false},"excerpt":{"rendered":"<p>Le ch\u00e2teau est ouvert \u00e0 la visite d&rsquo;avril \u00e0 la Toussaint tous les dimanches et jours f\u00e9ri\u00e9s et tous les jours du 7 juillet au 31 ao\u00fbt. Pour les groupes, et sur demande, le ch\u00e2teau est ouvert d&rsquo;avril \u00e0 la Toussaint. Horaires: de 10h \u00e0 11h, dernier d\u00e9part de visite du matin et de 14 &hellip; <\/p>\n<p class=\"link-more\"><a href=\"https:\/\/www.chateau-belvoir.com\/index.php\/visite\/\" class=\"more-link\">Continuer la lecture<span class=\"screen-reader-text\"> de &laquo;&nbsp;Visite&nbsp;&raquo;<\/span><\/a><\/p>\n","protected":false},"author":1,"featured_media":9,"parent":0,"menu_order":1,"comment_status":"closed","ping_status":"closed","template":"","meta":{"footnotes":""},"class_list":["post-74","page","type-page","status-publish","has-post-thumbnail","hentry"],"_links":{"self":[{"href":"https:\/\/www.chateau-belvoir.com\/index.php\/wp-json\/wp\/v2\/pages\/74","targetHints":{"allow":["GET"]}}],"collection":[{"href":"https:\/\/www.chateau-belvoir.com\/index.php\/wp-json\/wp\/v2\/pages"}],"about":[{"href":"https:\/\/www.chateau-belvoir.com\/index.php\/wp-json\/wp\/v2\/types\/page"}],"author":[{"embeddable":true,"href":"https:\/\/www.chateau-belvoir.com\/index.php\/wp-json\/wp\/v2\/users\/1"}],"replies":[{"embeddable":true,"href":"https:\/\/www.chateau-belvoir.com\/index.php\/wp-json\/wp\/v2\/comments?post=74"}],"version-history":[{"count":24,"href":"https:\/\/www.chateau-belvoir.com\/index.php\/wp-json\/wp\/v2\/pages\/74\/revisions"}],"predecessor-version":[{"id":265,"href":"https:\/\/www.chateau-belvoir.com\/index.php\/wp-json\/wp\/v2\/pages\/74\/revisions\/265"}],"wp:featuredmedia":[{"embeddable":true,"href":"https:\/\/www.chateau-belvoir.com\/index.php\/wp-json\/wp\/v2\/media\/9"}],"wp:attachment":[{"href":"https:\/\/www.chateau-belvoir.com\/index.php\/wp-json\/wp\/v2\/media?parent=74"}],"curies":[{"name":"wp","href":"https:\/\/api.w.org\/{rel}","templated":true}]}}