{"id":111,"date":"2018-09-23T22:57:54","date_gmt":"2018-09-23T20:57:54","guid":{"rendered":"https:\/\/www.chateau-belvoir.com\/?page_id=111"},"modified":"2019-01-10T14:11:46","modified_gmt":"2019-01-10T13:11:46","slug":"pierre-jouffroy","status":"publish","type":"page","link":"https:\/\/www.chateau-belvoir.com\/index.php\/histoire\/pierre-jouffroy\/","title":{"rendered":"Pierre Jouffroy"},"content":{"rendered":"<p><img loading=\"lazy\" decoding=\"async\" class=\"alignleft  wp-image-112\" src=\"https:\/\/www.chateau-belvoir.com\/wp-content\/uploads\/2018\/09\/Capture-d\u2019\u00e9cran-2018-09-23-\u00e0-22.56.52-196x300.png\" alt=\"Pierre Jouffroy\" width=\"229\" height=\"351\"><\/p>\n<p><a href=\"https:\/\/www.chateau-belvoir.com\">La Franche-Comt\u00e9<\/a> |&nbsp;<a href=\"https:\/\/www.chateau-belvoir.com\/index.php\/histoire\/la-restauration\/\">La restauration<\/a> |&nbsp;Pierre Jouffroy&nbsp; |&nbsp;<a href=\"https:\/\/www.chateau-belvoir.com\/index.php\/histoire\/genealogie\/\">G\u00e9n\u00e9alogie<\/a><\/p>\n<p>N\u00e9 le 21 septembre 1912 \u00e0 Voujeaucourt, il est le 13<sup>e<\/sup> enfant (sur 14) d&rsquo;une famille de menuisier-charpentier originaire de la vall\u00e9e de la Loue. Son grand-p\u00e8re, Fran\u00e7ois, lui rappelait que, jeune homme, il accompagnait Gustave Courbet \u00ab\u00a0sur le motif\u00a0\u00bb en lui portant son mat\u00e9riel. Attir\u00e9 tr\u00e8s jeune par la peinture, autodidacte, il expose d\u00e8s 1931 au Salon des Ind\u00e9pendants, \u00e0 Paris, o\u00f9 il est tr\u00e8s vite reconnu. Laur\u00e9at de plusieurs grands prix (dont celui de La Critique en 1944), ses \u0153uvres sont acquises par de nombreux mus\u00e9es et de grands collectionneurs fran\u00e7ais et \u00e9trangers.<\/p>\n<p>Lui-m\u00eame amateur d&rsquo;art et collectionneur, il deviendra un sp\u00e9cialiste reconnu de l&rsquo;\u0153uvre de Courbet et m\u00e8nera de front sa carri\u00e8re artistique et la restauration de Belvoir de 1955 \u00e0 2000, date de sa disparition. Il sera \u00e9galement un ardent d\u00e9fenseur du patrimoine, tant civil que religieux, noble ou paysan, urbain ou campagnard.<\/p>\n<p><a title=\"Nature morte par Pierre Jouffroy\" href=\"https:\/\/web.archive.org\/web\/20170708102849\/https:\/\/www.chateau-belvoir.com\/uploads\/images\/Gallery\/www_belvoir_tableau3.jpg\" rel=\"group\" data-fancybox=\"gallery\"><img loading=\"lazy\" decoding=\"async\" src=\"https:\/\/web.archive.org\/web\/20170708102849im_\/https:\/\/www.chateau-belvoir.com\/uploads\/images\/Gallery\/www_belvoir_tableau3.jpg\" alt=\"Nature morte par Pierre Jouffroy\" width=\"145\" height=\"102\"><\/a><a title=\"Ch\u00e2teau de Belvoir par Pierre Jouffroy\" href=\"https:\/\/web.archive.org\/web\/20170708102849\/https:\/\/www.chateau-belvoir.com\/uploads\/images\/Gallery\/www_belvoir_tableau1.jpg\" rel=\"group\" data-fancybox=\"gallery\"> <img loading=\"lazy\" decoding=\"async\" src=\"https:\/\/web.archive.org\/web\/20170708102849im_\/https:\/\/www.chateau-belvoir.com\/uploads\/images\/Gallery\/www_belvoir_tableau1.jpg\" alt=\"Ch\u00e2teau de Belvoir par Pierre Jouffroy\" width=\"145\" height=\"102\"><\/a>&nbsp;<a title=\"Ch\u00e2teau de Belvoir par Pierre Jouffroy\" href=\"https:\/\/web.archive.org\/web\/20170708102849\/https:\/\/www.chateau-belvoir.com\/uploads\/images\/Gallery\/www_belvoir_tableau2.jpg\" rel=\"group\" data-fancybox=\"gallery\"><img loading=\"lazy\" decoding=\"async\" src=\"https:\/\/web.archive.org\/web\/20170708102849im_\/https:\/\/www.chateau-belvoir.com\/uploads\/images\/Gallery\/www_belvoir_tableau2.jpg\" alt=\"Ch\u00e2teau de Belvoir par Pierre Jouffroy\" width=\"145\" height=\"102\"><\/a><\/p>\n","protected":false},"excerpt":{"rendered":"<p>La Franche-Comt\u00e9 |&nbsp;La restauration |&nbsp;Pierre Jouffroy&nbsp; |&nbsp;G\u00e9n\u00e9alogie N\u00e9 le 21 septembre 1912 \u00e0 Voujeaucourt, il est le 13e enfant (sur 14) d&rsquo;une famille de menuisier-charpentier originaire de la vall\u00e9e de la Loue. Son grand-p\u00e8re, Fran\u00e7ois, lui rappelait que, jeune homme, il accompagnait Gustave Courbet \u00ab\u00a0sur le motif\u00a0\u00bb en lui portant son mat\u00e9riel. Attir\u00e9 tr\u00e8s jeune &hellip; <\/p>\n<p class=\"link-more\"><a href=\"https:\/\/www.chateau-belvoir.com\/index.php\/histoire\/pierre-jouffroy\/\" class=\"more-link\">Continuer la lecture<span class=\"screen-reader-text\"> de &laquo;&nbsp;Pierre Jouffroy&nbsp;&raquo;<\/span><\/a><\/p>\n","protected":false},"author":1,"featured_media":0,"parent":77,"menu_order":0,"comment_status":"closed","ping_status":"closed","template":"","meta":{"footnotes":""},"class_list":["post-111","page","type-page","status-publish","hentry"],"_links":{"self":[{"href":"https:\/\/www.chateau-belvoir.com\/index.php\/wp-json\/wp\/v2\/pages\/111","targetHints":{"allow":["GET"]}}],"collection":[{"href":"https:\/\/www.chateau-belvoir.com\/index.php\/wp-json\/wp\/v2\/pages"}],"about":[{"href":"https:\/\/www.chateau-belvoir.com\/index.php\/wp-json\/wp\/v2\/types\/page"}],"author":[{"embeddable":true,"href":"https:\/\/www.chateau-belvoir.com\/index.php\/wp-json\/wp\/v2\/users\/1"}],"replies":[{"embeddable":true,"href":"https:\/\/www.chateau-belvoir.com\/index.php\/wp-json\/wp\/v2\/comments?post=111"}],"version-history":[{"count":5,"href":"https:\/\/www.chateau-belvoir.com\/index.php\/wp-json\/wp\/v2\/pages\/111\/revisions"}],"predecessor-version":[{"id":212,"href":"https:\/\/www.chateau-belvoir.com\/index.php\/wp-json\/wp\/v2\/pages\/111\/revisions\/212"}],"up":[{"embeddable":true,"href":"https:\/\/www.chateau-belvoir.com\/index.php\/wp-json\/wp\/v2\/pages\/77"}],"wp:attachment":[{"href":"https:\/\/www.chateau-belvoir.com\/index.php\/wp-json\/wp\/v2\/media?parent=111"}],"curies":[{"name":"wp","href":"https:\/\/api.w.org\/{rel}","templated":true}]}}